{"id":18718,"date":"2024-07-04T13:56:50","date_gmt":"2024-07-04T16:56:50","guid":{"rendered":"https:\/\/lmprodutosnaturais.com.br\/loja\/?post_type=product&#038;p=18718"},"modified":"2026-04-02T17:40:32","modified_gmt":"2026-04-02T20:40:32","slug":"pomada-massagead-canela-de-velho-150g-bio-instint-copia","status":"publish","type":"product","link":"https:\/\/lmprodutosnaturais.com.br\/loja\/produto\/pomada-massagead-canela-de-velho-150g-bio-instint-copia\/","title":{"rendered":"CX C\/ 12 POMADA M. CANELA DE VELHO 150G BIO INSTINTO"},"content":{"rendered":"<section class=\"elementor-section elementor-top-section elementor-element elementor-element-d114a0a elementor-section-boxed elementor-section-height-default elementor-section-height-default wd-section-disabled\" data-id=\"d114a0a\" data-element_type=\"section\" data-settings=\"{&quot;enabled_visibility&quot;:&quot;yes&quot;,&quot;_ha_eqh_enable&quot;:false}\">\n<div class=\"elementor-container elementor-column-gap-default\">\n<div class=\"elementor-column elementor-col-50 elementor-top-column elementor-element elementor-element-9064f0b\" data-id=\"9064f0b\" data-element_type=\"column\">\n<div class=\"elementor-widget-wrap elementor-element-populated\">\n<div class=\"elementor-element elementor-element-085b18c elementor-widget elementor-widget-heading\" data-id=\"085b18c\" data-element_type=\"widget\" data-widget_type=\"heading.default\">\n<div class=\"elementor-widget-container\">\n<h6 class=\"elementor-heading-title elementor-size-default\">INDICA\u00c7\u00d5ES<\/h6>\n<\/div>\n<\/div>\n<\/div>\n<\/div>\n<div class=\"elementor-widget-wrap elementor-element-populated\">\n<div class=\"elementor-element elementor-element-f8ae9c5 color-scheme-inherit text-left elementor-widget elementor-widget-text-editor\" data-id=\"f8ae9c5\" data-element_type=\"widget\" data-widget_type=\"text-editor.default\">\n<div class=\"elementor-widget-container\">Melhora o relaxamento corporal e auxilia no al\u00edvio da sensa\u00e7\u00e3o de cansa\u00e7o ap\u00f3s atividades f\u00edsicas, m\u00e1 postura ou esfor\u00e7o exagerado.<\/div>\n<\/div>\n<\/div>\n<\/div>\n<\/section>\n<div class=\"elementor-container elementor-column-gap-default\">\n<div class=\"elementor-column elementor-col-50 elementor-top-column elementor-element elementor-element-bb3fb75\" data-id=\"bb3fb75\" data-element_type=\"column\">\n<div class=\"elementor-widget-wrap elementor-element-populated\">\n<div class=\"elementor-element elementor-element-d89ee91 elementor-widget elementor-widget-heading\" data-id=\"d89ee91\" data-element_type=\"widget\" data-widget_type=\"heading.default\">\n<div class=\"elementor-widget-container\">\n<h2 class=\"elementor-heading-title elementor-size-default\">INFORMA\u00c7\u00d5ES<\/h2>\n<\/div>\n<\/div>\n<\/div>\n<\/div>\n<div class=\"elementor-column elementor-col-50 elementor-top-column elementor-element elementor-element-acb8559\" data-id=\"acb8559\" data-element_type=\"column\">\n<div class=\"elementor-widget-wrap elementor-element-populated\">\n<div class=\"elementor-element elementor-element-ed44d73 color-scheme-inherit text-left elementor-widget elementor-widget-text-editor\" data-id=\"ed44d73\" data-element_type=\"widget\" data-widget_type=\"text-editor.default\">\n<div class=\"elementor-widget-container\">Somente para uso externo. N\u00e3o aplicar pr\u00f3ximo a mucosas, olhos e\/ou em locais onde a pele estiver lesionada ou irritada. N\u00e3o usar o produto em crian\u00e7as, gestantes e lactantes. N\u00e3o inalar. Nunca ingerir. Se houver irrita\u00e7\u00e3o, descontinuar o uso e procurar orienta\u00e7\u00e3o m\u00e9dica. O produto \u00e9 seguro, n\u00e3o sendo recomendado para pessoas que tenham sensibilidade a algum componente da formula\u00e7\u00e3o. Conservar em temperatura ambiente, em local fresco e longe da luz solar.\u00a0<strong>Manter fora do alcance de crian\u00e7as e animais dom\u00e9sticos.<\/strong><\/div>\n<\/div>\n<\/div>\n<\/div>\n<\/div>\n<div class=\"elementor-container elementor-column-gap-default\">\n<div class=\"elementor-column elementor-col-50 elementor-top-column elementor-element elementor-element-580c195\" data-id=\"580c195\" data-element_type=\"column\">\n<div class=\"elementor-widget-wrap elementor-element-populated\">\n<div class=\"elementor-element elementor-element-bbb57ec elementor-widget elementor-widget-heading\" data-id=\"bbb57ec\" data-element_type=\"widget\" data-widget_type=\"heading.default\">\n<div class=\"elementor-widget-container\">\n<h2 class=\"elementor-heading-title elementor-size-default\">MODO DE USO<\/h2>\n<\/div>\n<\/div>\n<\/div>\n<\/div>\n<div class=\"elementor-column elementor-col-50 elementor-top-column elementor-element elementor-element-9a9dcaf\" data-id=\"9a9dcaf\" data-element_type=\"column\">\n<div class=\"elementor-widget-wrap elementor-element-populated\">\n<div class=\"elementor-element elementor-element-7190a8a color-scheme-inherit text-left elementor-widget elementor-widget-text-editor\" data-id=\"7190a8a\" data-element_type=\"widget\" data-widget_type=\"text-editor.default\">\n<div class=\"elementor-widget-container\">Aplicar sobre a pele com aux\u00edlio de massagens constantes at\u00e9 completa absor\u00e7\u00e3o. N\u00e3o enx\u00e1gue.<\/div>\n<\/div>\n<\/div>\n<\/div>\n<\/div>\n<div class=\"elementor-container elementor-column-gap-default\">\n<div class=\"elementor-column elementor-col-50 elementor-top-column elementor-element elementor-element-e239865\" data-id=\"e239865\" data-element_type=\"column\">\n<div class=\"elementor-widget-wrap elementor-element-populated\">\n<div class=\"elementor-element elementor-element-aab5e39 elementor-widget elementor-widget-heading\" data-id=\"aab5e39\" data-element_type=\"widget\" data-widget_type=\"heading.default\">\n<div class=\"elementor-widget-container\">\n<h2 class=\"elementor-heading-title elementor-size-default\">FINALIDADE<\/h2>\n<\/div>\n<\/div>\n<\/div>\n<\/div>\n<div class=\"elementor-column elementor-col-50 elementor-top-column elementor-element elementor-element-9ac9d3a\" data-id=\"9ac9d3a\" data-element_type=\"column\">\n<div class=\"elementor-widget-wrap elementor-element-populated\">\n<div class=\"elementor-element elementor-element-9b87b55 color-scheme-inherit text-left elementor-widget elementor-widget-text-editor\" data-id=\"9b87b55\" data-element_type=\"widget\" data-widget_type=\"text-editor.default\">\n<div class=\"elementor-widget-container\">A Pomada Desodorante Massageadora para Canela de Velho com Sebo de Carneiro Bio Instinto \u00e9 um produto cosm\u00e9tico elaborado com extratos vegetais t\u00edpicos da flora brasileira. Possui efic\u00e1cia desodorante comprovada por 12 horas, mantendo a pele livre de microrganismos causadores de maus odores durante a pr\u00e1tica de esportes ou esfor\u00e7os f\u00edsicos. Melhora o relaxamento corporal e auxilia no al\u00edvio da sensa\u00e7\u00e3o de cansa\u00e7o ap\u00f3s atividades f\u00edsicas, m\u00e1 postura ou esfor\u00e7o exagerado.<\/div>\n<\/div>\n<\/div>\n<\/div>\n<\/div>\n<div class=\"elementor-container elementor-column-gap-default\">\n<div class=\"elementor-column elementor-col-50 elementor-top-column elementor-element elementor-element-e3cc3e2\" data-id=\"e3cc3e2\" data-element_type=\"column\">\n<div class=\"elementor-widget-wrap elementor-element-populated\">\n<div class=\"elementor-element elementor-element-147e53c elementor-widget elementor-widget-heading\" data-id=\"147e53c\" data-element_type=\"widget\" data-widget_type=\"heading.default\">\n<div class=\"elementor-widget-container\">\n<h2 class=\"elementor-heading-title elementor-size-default\">ADVERT\u00caNCIAS E RESTRI\u00c7\u00d5ES<\/h2>\n<\/div>\n<\/div>\n<\/div>\n<\/div>\n<div class=\"elementor-column elementor-col-50 elementor-top-column elementor-element elementor-element-4316b36\" data-id=\"4316b36\" data-element_type=\"column\">\n<div class=\"elementor-widget-wrap elementor-element-populated\">\n<div class=\"elementor-element elementor-element-69b64e7 color-scheme-inherit text-left elementor-widget elementor-widget-text-editor\" data-id=\"69b64e7\" data-element_type=\"widget\" data-widget_type=\"text-editor.default\">\n<div class=\"elementor-widget-container\">Somente para uso externo. N\u00e3o aplicar pr\u00f3ximo a mucosas, olhos e\/ou em locais onde a pele estiver lesionada ou irritada. N\u00e3o inalar. Nunca ingerir. Se houver irrita\u00e7\u00e3o, descontinuar o uso e procurar orienta\u00e7\u00e3o m\u00e9dica. O produto \u00e9 seguro, n\u00e3o sendo recomendado para pessoas que tenham sensibilidade a algum componente da formula\u00e7\u00e3o, crian\u00e7as, gestantes e lactantes. Deve ser evitado o uso de aquecimento e oclus\u00e3o no local de aplica\u00e7\u00e3o. Conservar em temperatura ambiente inferior a 40\u00b0C, em local fresco e longe da luz solar.\u00a0<strong>Manter fora do alcance de crian\u00e7as e animais dom\u00e9sticos<\/strong><\/div>\n<\/div>\n<\/div>\n<\/div>\n<\/div>\n<div class=\"elementor-container elementor-column-gap-default\">\n<div class=\"elementor-column elementor-col-50 elementor-top-column elementor-element elementor-element-5d236ab\" data-id=\"5d236ab\" data-element_type=\"column\">\n<div class=\"elementor-widget-wrap elementor-element-populated\">\n<div class=\"elementor-element elementor-element-4ff07fc elementor-widget elementor-widget-heading\" data-id=\"4ff07fc\" data-element_type=\"widget\" data-widget_type=\"heading.default\">\n<div class=\"elementor-widget-container\">\n<h2 class=\"elementor-heading-title elementor-size-default\">N\u00b0 DE PROCESSO &#8211; ANVISA<\/h2>\n<\/div>\n<\/div>\n<\/div>\n<\/div>\n<div class=\"elementor-column elementor-col-50 elementor-top-column elementor-element elementor-element-9026b50\" data-id=\"9026b50\" data-element_type=\"column\">\n<div class=\"elementor-widget-wrap elementor-element-populated\">\n<div class=\"elementor-element elementor-element-634c8b7 color-scheme-inherit text-left elementor-widget elementor-widget-text-editor\" data-id=\"634c8b7\" data-element_type=\"widget\" data-widget_type=\"text-editor.default\">\n<div class=\"elementor-widget-container\">25351.052367\/2022-73<\/div>\n<\/div>\n<\/div>\n<\/div>\n<\/div>\n<section class=\"elementor-section elementor-top-section elementor-element elementor-element-cd6a3fe elementor-section-boxed elementor-section-height-default elementor-section-height-default wd-section-disabled\" data-id=\"cd6a3fe\" data-element_type=\"section\" data-settings=\"{&quot;enabled_visibility&quot;:&quot;yes&quot;,&quot;_ha_eqh_enable&quot;:false}\">\n<div class=\"elementor-container elementor-column-gap-default\">\n<div class=\"elementor-widget-wrap elementor-element-populated\">\n<div class=\"elementor-element elementor-element-5505f29 elementor-widget elementor-widget-heading\" data-id=\"5505f29\" data-element_type=\"widget\" data-widget_type=\"heading.default\">\n<div class=\"elementor-widget-container\">\n<h2 class=\"elementor-heading-title elementor-size-default\">COMPOSI\u00c7\u00c3O<\/h2>\n<\/div>\n<\/div>\n<\/div>\n<div class=\"elementor-column elementor-col-50 elementor-top-column elementor-element elementor-element-9270482\" data-id=\"9270482\" data-element_type=\"column\">\n<div class=\"elementor-widget-wrap elementor-element-populated\">\n<div class=\"elementor-element elementor-element-33b463e color-scheme-inherit text-left elementor-widget elementor-widget-text-editor\" data-id=\"33b463e\" data-element_type=\"widget\" data-widget_type=\"text-editor.default\">\n<h6 class=\"elementor-widget-container\"><strong>INCI:<\/strong>\u00a0Achillea Millefolium Extract, Adeps Bovis, Aqua, BHT, Butylparaben, Camphor, Carbomer, Chenopodium Ambrosioides Leaf\/Stem Extract, Copaifera Reticulata Balsam Extract, Disodium EDTA, Ethylparaben, Menthol, Methyl Salicylate, Methylparaben, Phenoxyethanol, Polysorbate 80, Propylparaben, Triethanolamine, Uncaria Tomentosa Extract.\u00a0<strong>PORTUGU\u00caS:<\/strong>\u00a0Extrato de Mil-Folhas\/Milef\u00f3lio\/Aquileia, Sebo Hidrogenado, \u00c1gua, Butil-Hidroxitolueno, Butilparabeno, C\u00e2nfora, Carb\u00f4mer, Extrato de Erva de Santa Maria\/Mastruz, Extrato de Copa\u00edba, Edetato Diss\u00f3dico, Etilparabeno, Mentol, Salicilato de Metila, Metilparabeno, Fenoxietanol, Polissorbato 80, Propilparabeno, Trolamina, Extrato de Unha de Gato.<\/h6>\n<\/div>\n<\/div>\n<\/div>\n<\/div>\n<\/section>\n","protected":false},"excerpt":{"rendered":"<p>INDICA\u00c7\u00d5ES Melhora o relaxamento corporal e auxilia no al\u00edvio da sensa\u00e7\u00e3o de cansa\u00e7o ap\u00f3s atividades f\u00edsicas, m\u00e1 postura ou esfor\u00e7o exagerado. INFORMA\u00c7\u00d5ES Somente para uso externo. N\u00e3o aplicar pr\u00f3ximo a mucosas, olhos e\/ou em locais onde a pele estiver lesionada &hellip; <a href=\"https:\/\/lmprodutosnaturais.com.br\/loja\/produto\/pomada-massagead-canela-de-velho-150g-bio-instint-copia\/\">Readmore<\/a><\/p>\n","protected":false},"featured_media":11996,"template":"","meta":{"_bbp_topic_count":0,"_bbp_reply_count":0,"_bbp_total_topic_count":0,"_bbp_total_reply_count":0,"_bbp_voice_count":0,"_bbp_anonymous_reply_count":0,"_bbp_topic_count_hidden":0,"_bbp_reply_count_hidden":0,"_bbp_forum_subforum_count":0},"product_brand":[],"product_cat":[389,429],"product_tag":[],"class_list":{"0":"post-18718","1":"product","2":"type-product","3":"status-publish","4":"has-post-thumbnail","6":"product_cat-bio-instinto","7":"product_cat-promocoes","9":"first","10":"instock","11":"sale","12":"shipping-taxable","13":"purchasable","14":"product-type-simple"},"_links":{"self":[{"href":"https:\/\/lmprodutosnaturais.com.br\/loja\/wp-json\/wp\/v2\/product\/18718","targetHints":{"allow":["GET"]}}],"collection":[{"href":"https:\/\/lmprodutosnaturais.com.br\/loja\/wp-json\/wp\/v2\/product"}],"about":[{"href":"https:\/\/lmprodutosnaturais.com.br\/loja\/wp-json\/wp\/v2\/types\/product"}],"wp:featuredmedia":[{"embeddable":true,"href":"https:\/\/lmprodutosnaturais.com.br\/loja\/wp-json\/wp\/v2\/media\/11996"}],"wp:attachment":[{"href":"https:\/\/lmprodutosnaturais.com.br\/loja\/wp-json\/wp\/v2\/media?parent=18718"}],"wp:term":[{"taxonomy":"product_brand","embeddable":true,"href":"https:\/\/lmprodutosnaturais.com.br\/loja\/wp-json\/wp\/v2\/product_brand?post=18718"},{"taxonomy":"product_cat","embeddable":true,"href":"https:\/\/lmprodutosnaturais.com.br\/loja\/wp-json\/wp\/v2\/product_cat?post=18718"},{"taxonomy":"product_tag","embeddable":true,"href":"https:\/\/lmprodutosnaturais.com.br\/loja\/wp-json\/wp\/v2\/product_tag?post=18718"}],"curies":[{"name":"wp","href":"https:\/\/api.w.org\/{rel}","templated":true}]}}