{"id":18723,"date":"2024-07-04T14:14:54","date_gmt":"2024-07-04T17:14:54","guid":{"rendered":"https:\/\/lmprodutosnaturais.com.br\/loja\/?post_type=product&#038;p=18723"},"modified":"2026-04-02T16:48:38","modified_gmt":"2026-04-02T19:48:38","slug":"cx-c-12-gel-arnica-e-copaiba-200g-bio-instinto","status":"publish","type":"product","link":"https:\/\/lmprodutosnaturais.com.br\/loja\/produto\/cx-c-12-gel-arnica-e-copaiba-200g-bio-instinto\/","title":{"rendered":"CX C\/12 GEL ARNICA E COPAIBA 200G BIO INSTINTO"},"content":{"rendered":"<p>Os extratos de Arnica, Copa\u00edba\u00a0 possuem a\u00e7\u00e3o sobre a circula\u00e7\u00e3o em geral. O gel, atrav\u00e9s de massagens, \u00e9 capaz de proporcionar a diminui\u00e7\u00e3o de inc\u00f4modos nas pernas e p\u00e9s cansados.<\/p>\n","protected":false},"excerpt":{"rendered":"<p>Os extratos de Arnica, Copa\u00edba\u00a0 possuem a\u00e7\u00e3o sobre a circula\u00e7\u00e3o em geral. O gel, atrav\u00e9s de massagens, \u00e9 capaz de proporcionar a diminui\u00e7\u00e3o de inc\u00f4modos nas pernas e p\u00e9s cansados.<\/p>\n","protected":false},"featured_media":12543,"template":"","meta":{"_bbp_topic_count":0,"_bbp_reply_count":0,"_bbp_total_topic_count":0,"_bbp_total_reply_count":0,"_bbp_voice_count":0,"_bbp_anonymous_reply_count":0,"_bbp_topic_count_hidden":0,"_bbp_reply_count_hidden":0,"_bbp_forum_subforum_count":0},"product_brand":[],"product_cat":[389,429],"product_tag":[],"class_list":{"0":"post-18723","1":"product","2":"type-product","3":"status-publish","4":"has-post-thumbnail","6":"product_cat-bio-instinto","7":"product_cat-promocoes","9":"first","10":"instock","11":"sale","12":"shipping-taxable","13":"purchasable","14":"product-type-simple"},"_links":{"self":[{"href":"https:\/\/lmprodutosnaturais.com.br\/loja\/wp-json\/wp\/v2\/product\/18723","targetHints":{"allow":["GET"]}}],"collection":[{"href":"https:\/\/lmprodutosnaturais.com.br\/loja\/wp-json\/wp\/v2\/product"}],"about":[{"href":"https:\/\/lmprodutosnaturais.com.br\/loja\/wp-json\/wp\/v2\/types\/product"}],"wp:featuredmedia":[{"embeddable":true,"href":"https:\/\/lmprodutosnaturais.com.br\/loja\/wp-json\/wp\/v2\/media\/12543"}],"wp:attachment":[{"href":"https:\/\/lmprodutosnaturais.com.br\/loja\/wp-json\/wp\/v2\/media?parent=18723"}],"wp:term":[{"taxonomy":"product_brand","embeddable":true,"href":"https:\/\/lmprodutosnaturais.com.br\/loja\/wp-json\/wp\/v2\/product_brand?post=18723"},{"taxonomy":"product_cat","embeddable":true,"href":"https:\/\/lmprodutosnaturais.com.br\/loja\/wp-json\/wp\/v2\/product_cat?post=18723"},{"taxonomy":"product_tag","embeddable":true,"href":"https:\/\/lmprodutosnaturais.com.br\/loja\/wp-json\/wp\/v2\/product_tag?post=18723"}],"curies":[{"name":"wp","href":"https:\/\/api.w.org\/{rel}","templated":true}]}}