{"id":19419,"date":"2025-03-25T14:26:45","date_gmt":"2025-03-25T17:26:45","guid":{"rendered":"https:\/\/lmprodutosnaturais.com.br\/loja\/produto\/artifenax-nem-ct-ii-associacoes-30caps-flora-nativa\/"},"modified":"2026-03-27T12:06:40","modified_gmt":"2026-03-27T15:06:40","slug":"artifenax-nem-ct-ii-associacoes-30caps-flora-nativa","status":"publish","type":"product","link":"https:\/\/lmprodutosnaturais.com.br\/loja\/produto\/artifenax-nem-ct-ii-associacoes-30caps-flora-nativa\/","title":{"rendered":"ARTIFENAX (NEM &amp; CT-II + ASSOCIA\u00c7OES) 30CAPS FLORA NATIVA"},"content":{"rendered":"<p><strong class=\"brz-cp-color8\">Artifenax<\/strong><span class=\"brz-cp-color8\"> \u00e9 um suplemento alimentar composto por NEM\u00ae(Membrana de Casca de Ovo), C\u00farcuma, Col\u00e1geno tipo II, Vitamina K2 e Vitamina D3, uma combina\u00e7\u00e3o de ingredientes que visam promover a sa\u00fade articular e \u00f3ssea. O NEM\u00ae (natural eggshell membrane) \u00e9 um composto bioativo produzido a partir da membrana da casca do ovo. Em sua composi\u00e7\u00e3o, NEM\u00ae apresenta cerca de 47-62% de prote\u00ednas, al\u00e9m das subst\u00e2ncias bioativas \u00e1cido hialur\u00f4nico, glicosaminoglicanos sulfatados e col\u00e1geno. Estes bioativos atuam para o bom funcionamento do organismo, principalmente das articula\u00e7\u00f5es, assim, a inclus\u00e3o de NEM\u00ae a sua rotina \u00e9 uma excelente alternativa para a auxiliar na manuten\u00e7\u00e3o da sa\u00fade osteoarticular.<\/span><\/p>\n<div class=\"brz-row brz-css-1v9876b brz-css-ml3rue\">\n<div class=\"brz-columns brz-css-pn3n1k brz-css-bwgraa\" data-brz-custom-id=\"xbhOCfzNoV2D\">\n<div class=\"brz-column__items brz-css-1p00ho8\">\n<div id=\"\" class=\"brz-css-1noa2o9 brz-wrapper\">\n<div class=\"brz-rich-text brz-rich-text__custom brz-css-spzp32\" data-brz-custom-id=\"icfV89CRecQu\">\n<div data-brz-translate-text=\"1\">\n<h3 class=\"brz-tp-lg-heading3 brz-tp-sm-heading4 brz-css-ajmmj\" data-uniq-id=\"dFdMP\" data-generated-css=\"brz-css-o66Mq\"><span class=\"brz-cp-color3\">RECOMENDA\u00c7\u00c3O DE USO<\/span><\/h3>\n<\/div>\n<\/div>\n<\/div>\n<div id=\"\" class=\"brz-css-1noa2o9 brz-wrapper\">\n<div class=\"brz-rich-text brz-rich-text__custom brz-css-spzp32\" data-brz-custom-id=\"keTkr8uqDGgF\">\n<div data-brz-translate-text=\"1\">\n<p class=\"brz-tp-lg-paragraph brz-text-lg-justify brz-css-r6xWz\" data-uniq-id=\"jg7jm\" data-generated-css=\"brz-css-yYAyB\"><span class=\"brz-cp-color1\">Ingerir 02 c\u00e1psulas ao dia ou conforme orienta\u00e7\u00e3o profissional.<\/span><\/p>\n<div id=\"\" class=\"brz-css-1noa2o9 brz-wrapper\">\n<div class=\"brz-rich-text brz-rich-text__custom brz-css-spzp32\" data-brz-custom-id=\"ecWLNczLYnEz\">\n<div data-brz-translate-text=\"1\">\n<h3 class=\"brz-tp-lg-heading3 brz-tp-sm-heading4 brz-css-paVdZ\" data-uniq-id=\"xhBXv\" data-generated-css=\"brz-css-rkKtR\"><span class=\"brz-cp-color3\">INFORMA\u00c7\u00d5ES NUTRICIONAIS<\/span><\/h3>\n<\/div>\n<\/div>\n<\/div>\n<div id=\"\" class=\"brz-css-1noa2o9 brz-wrapper\">\n<div class=\"brz-rich-text brz-rich-text__custom brz-css-spzp32\" data-brz-custom-id=\"krTeZwpzbSpv\">\n<div data-brz-translate-text=\"1\">\n<p class=\"brz-tp-lg-paragraph brz-text-lg-justify brz-css-hcKTU\" data-uniq-id=\"mSEzF\" data-generated-css=\"brz-css-auZs9\"><span class=\"brz-cp-color1\">Vitamina D3 50 \u00b5g (333% VD*) \u2022 Vitamina K2 80 \u00b5g (67% VD*) \u2022 \u00c1cido Hialur\u00f4nico 3,5 mg** \u2022 Glicosaminoglicanos 2,5 mg** \u2022 Col\u00e1geno 11,5mg** \u2022 Col\u00e1geno Tipo II 1,6 mg** \u2022 Curcumina 130mg. *Percentual de valores di\u00e1rios fornecidos pela por\u00e7\u00e3o. **Quantidade total por por\u00e7\u00e3o: 500mg de NEM\u00ae (Membrana de casca de ovo) + 40mg de Col\u00e1geno de frango com col\u00e1geno tipo II n\u00e3o desnaturado.<\/span><\/p>\n<div id=\"\" class=\"brz-css-1noa2o9 brz-wrapper\">\n<div class=\"brz-rich-text brz-rich-text__custom brz-css-spzp32\" data-brz-custom-id=\"zPod32UfpA5T\">\n<div data-brz-translate-text=\"1\">\n<h3 class=\"brz-tp-lg-heading3 brz-tp-sm-heading4 brz-css-ltuKs\" data-uniq-id=\"w_e0y\" data-generated-css=\"brz-css-bdrOp\"><span class=\"brz-cp-color3\">INGREDIENTES<\/span><\/h3>\n<\/div>\n<\/div>\n<\/div>\n<div id=\"\" class=\"brz-css-1noa2o9 brz-wrapper\">\n<div class=\"brz-rich-text brz-rich-text__custom brz-css-spzp32\" data-brz-custom-id=\"f6rs2838XGge\">\n<div data-brz-translate-text=\"1\">\n<p class=\"brz-tp-lg-paragraph brz-text-lg-justify brz-css-ozKzz\" data-generated-css=\"brz-css-vzQpA\" data-uniq-id=\"yrOlw\"><span class=\"brz-cp-color1\">Membrana de Casca de Ovo (NEM\u00ae Brand Eggshell Membrane), Extrato de Rizomas de C\u00farcuma Longa, Col\u00e1geno de frango com col\u00e1geno tipo II n\u00e3o desnaturado, Vitamina K2 (Menaquinona 7), Vitamina D3 (Colecalciferol), Antiumectantes: Celulose Microcristalina, Estearato de Magn\u00e9sio e Di\u00f3xido de Sil\u00edcio. COMPOSI\u00c7\u00c3O DA C\u00c1PSULA: Gelatina e Corantes Vermelho Allura AC, Azul Brilhante FCF, Tartrazina e Di\u00f3xido de Tit\u00e2nio.<\/span><\/p>\n<\/div>\n<\/div>\n<\/div>\n<\/div>\n<\/div>\n<\/div>\n<\/div>\n<\/div>\n<\/div>\n<\/div>\n<\/div>\n<\/div>\n","protected":false},"excerpt":{"rendered":"<p>Artifenax \u00e9 um suplemento alimentar composto por NEM\u00ae(Membrana de Casca de Ovo), C\u00farcuma, Col\u00e1geno tipo II, Vitamina K2 e Vitamina D3, uma combina\u00e7\u00e3o de ingredientes que visam promover a sa\u00fade articular e \u00f3ssea. O NEM\u00ae (natural eggshell membrane) \u00e9 um &hellip; <a href=\"https:\/\/lmprodutosnaturais.com.br\/loja\/produto\/artifenax-nem-ct-ii-associacoes-30caps-flora-nativa\/\">Readmore<\/a><\/p>\n","protected":false},"featured_media":19421,"template":"","meta":{"_bbp_topic_count":0,"_bbp_reply_count":0,"_bbp_total_topic_count":0,"_bbp_total_reply_count":0,"_bbp_voice_count":0,"_bbp_anonymous_reply_count":0,"_bbp_topic_count_hidden":0,"_bbp_reply_count_hidden":0,"_bbp_forum_subforum_count":0},"product_brand":[],"product_cat":[384,431,429],"product_tag":[],"class_list":{"0":"post-19419","1":"product","2":"type-product","3":"status-publish","4":"has-post-thumbnail","6":"product_cat-capsulas-flora-nativa","7":"product_cat-lancamentos","8":"product_cat-promocoes","10":"first","11":"instock","12":"sale","13":"shipping-taxable","14":"purchasable","15":"product-type-simple"},"_links":{"self":[{"href":"https:\/\/lmprodutosnaturais.com.br\/loja\/wp-json\/wp\/v2\/product\/19419","targetHints":{"allow":["GET"]}}],"collection":[{"href":"https:\/\/lmprodutosnaturais.com.br\/loja\/wp-json\/wp\/v2\/product"}],"about":[{"href":"https:\/\/lmprodutosnaturais.com.br\/loja\/wp-json\/wp\/v2\/types\/product"}],"wp:featuredmedia":[{"embeddable":true,"href":"https:\/\/lmprodutosnaturais.com.br\/loja\/wp-json\/wp\/v2\/media\/19421"}],"wp:attachment":[{"href":"https:\/\/lmprodutosnaturais.com.br\/loja\/wp-json\/wp\/v2\/media?parent=19419"}],"wp:term":[{"taxonomy":"product_brand","embeddable":true,"href":"https:\/\/lmprodutosnaturais.com.br\/loja\/wp-json\/wp\/v2\/product_brand?post=19419"},{"taxonomy":"product_cat","embeddable":true,"href":"https:\/\/lmprodutosnaturais.com.br\/loja\/wp-json\/wp\/v2\/product_cat?post=19419"},{"taxonomy":"product_tag","embeddable":true,"href":"https:\/\/lmprodutosnaturais.com.br\/loja\/wp-json\/wp\/v2\/product_tag?post=19419"}],"curies":[{"name":"wp","href":"https:\/\/api.w.org\/{rel}","templated":true}]}}