{"id":19830,"date":"2025-07-07T08:31:53","date_gmt":"2025-07-07T11:31:53","guid":{"rendered":"https:\/\/lmprodutosnaturais.com.br\/loja\/produto\/reduc-fibras-sabor-pink-limonade-260gr-flora-nativa-do-braisl\/"},"modified":"2026-03-27T12:06:40","modified_gmt":"2026-03-27T15:06:40","slug":"reduc-fibras-sabor-pink-limonade-260gr-flora-nativa-do-braisl","status":"publish","type":"product","link":"https:\/\/lmprodutosnaturais.com.br\/loja\/produto\/reduc-fibras-sabor-pink-limonade-260gr-flora-nativa-do-braisl\/","title":{"rendered":"REDUC FIBRAS (SABOR PINK LIMONADE) 260GR FLORA NATIVA DO BRASIL"},"content":{"rendered":"<p><strong>Uma poderosa combina\u00e7\u00e3o de fibras alimentares que desempenham um papel importante para a sa\u00fade, ajudando a regular o sistema digestivo e t\u00eam efeitos positivos no controle do colesterol, do a\u00e7\u00facar no sangue e no peso corporal. O consumo di\u00e1rio e adequado de fibras \u00e9 fundamental para a manuten\u00e7\u00e3o de uma boa sa\u00fade digestiva, al\u00e9m de estar associado \u00e0 redu\u00e7\u00e3o do risco de obesidade e constipa\u00e7\u00e3o.<\/strong><\/p>\n<div class=\"wp-block-spacer\" aria-hidden=\"true\"><\/div>\n<p>\u2714 Ajuda a regular o tr\u00e2nsito intestinal<\/p>\n<p>\u2714 Auxilia no controle dos n\u00edveis de colesterol<\/p>\n<p>\u2714 Retarda a absor\u00e7\u00e3o de a\u00e7\u00facares<\/p>\n<p>\u2714 Promove a sensa\u00e7\u00e3o de saciedade<\/p>\n<p>INGREDIENTES DO REDUC FIBRAS:<\/p>\n<div class=\"wp-block-spacer\" aria-hidden=\"true\"><\/div>\n<p>&#8211;\u00a0<strong>Psyllium\u00a0<\/strong>(Plantago ovatae): Uma fibra sol\u00favel natural que ajuda a regular o tr\u00e2nsito intestinal, aumentar a sensa\u00e7\u00e3o de saciedade e contribuir para o controle de colesterol.<\/p>\n<p>&#8211;\u00a0<strong>Polidextrose<\/strong>: Fibra sol\u00favel de baixo \u00edndice glic\u00eamico que promove o funcionamento do intestino, melhora a sa\u00fade digestiva e auxilia a prolongar a saciedade.<\/p>\n<p>&#8211;\u00a0<strong>Inulina\u00a0<\/strong>(raiz de Chic\u00f3ria &#8211; Cichorium intybus): Fibra prebi\u00f3tica que estimula o crescimento de bact\u00e9rias ben\u00e9ficas no intestino, favorecendo a sa\u00fade digestiva.<\/p>\n<p>&#8211;\u00a0<strong>Fibra de Beterraba:<\/strong>\u00a0Rica em fibras insol\u00faveis, contribui para o bom funcionamento do intestino, auxilia na elimina\u00e7\u00e3o de toxinas e oferece suporte \u00e0 sa\u00fade digestiva.<\/p>\n<p>&#8211;\u00a0<strong>Goma Ac\u00e1cia<\/strong>\u00a0(Acacia Senegal L.): Fibra sol\u00favel prebi\u00f3tica que auxilia no funcionamento do intestino<\/p>\n<h3 class=\"wp-block-heading\">RECOMENDA\u00c7\u00c3O DE USO:<\/h3>\n<p>Sugere-se a ingest\u00e3o de 13g (2 colheres de sopa cheias) 1 vezes ao dia, no caf\u00e9 da manh\u00e3 ou no intervalo entre as refei\u00e7\u00f5es. Sugest\u00e3o de preparo: Misture 2 colheres de sopas em 200ml de \u00e1gua gelada ou bebidas de sua prefer\u00eancia. Mexa at\u00e9 dissolver bem e consuma logo em seguida.<\/p>\n<h3 class=\"wp-block-heading\">INFORMA\u00c7\u00c3O NUTRICIONAL:<\/h3>\n<p>Valor energ\u00e9tico 21Kcal (1% VD*) \u2022 Fibras alimentares 10,5g (42% VD*) *Percentual de valores di\u00e1rios fornecidos pela por\u00e7\u00e3o.<\/p>\n<h3 class=\"wp-block-heading\">INGREDIENTES:<\/h3>\n<p>Psyllium (Plantogo ovatae), Polidextrose, Inulina obitida da raiz da Chic\u00f3ria (Cichorium intybus), Fibra de Beterraba, Goma Ac\u00e1cia (Acacia Senegal L.), Aroma Natural de Lim\u00e3o ou Jabuticaba, Corante Natural Carmim, \u00c1cido C\u00edtrico, Antiumectante Di\u00f3xido de Sil\u00edcio, Edulcorantes Glicos\u00eddeos de Esteviol St\u00e9via e Acessulfame de Pot\u00e1ssio. N\u00c3O CONT\u00c9M GL\u00daTEN.<\/p>\n","protected":false},"excerpt":{"rendered":"<p>Uma poderosa combina\u00e7\u00e3o de fibras alimentares que desempenham um papel importante para a sa\u00fade, ajudando a regular o sistema digestivo e t\u00eam efeitos positivos no controle do colesterol, do a\u00e7\u00facar no sangue e no peso corporal. O consumo di\u00e1rio e &hellip; <a href=\"https:\/\/lmprodutosnaturais.com.br\/loja\/produto\/reduc-fibras-sabor-pink-limonade-260gr-flora-nativa-do-braisl\/\">Readmore<\/a><\/p>\n","protected":false},"featured_media":19842,"template":"","meta":{"_bbp_topic_count":0,"_bbp_reply_count":0,"_bbp_total_topic_count":0,"_bbp_total_reply_count":0,"_bbp_voice_count":0,"_bbp_anonymous_reply_count":0,"_bbp_topic_count_hidden":0,"_bbp_reply_count_hidden":0,"_bbp_forum_subforum_count":0},"product_brand":[],"product_cat":[384,431],"product_tag":[466],"class_list":{"0":"post-19830","1":"product","2":"type-product","3":"status-publish","4":"has-post-thumbnail","6":"product_cat-capsulas-flora-nativa","7":"product_cat-lancamentos","8":"product_tag-fibras","10":"first","11":"instock","12":"shipping-taxable","13":"purchasable","14":"product-type-simple"},"_links":{"self":[{"href":"https:\/\/lmprodutosnaturais.com.br\/loja\/wp-json\/wp\/v2\/product\/19830","targetHints":{"allow":["GET"]}}],"collection":[{"href":"https:\/\/lmprodutosnaturais.com.br\/loja\/wp-json\/wp\/v2\/product"}],"about":[{"href":"https:\/\/lmprodutosnaturais.com.br\/loja\/wp-json\/wp\/v2\/types\/product"}],"wp:featuredmedia":[{"embeddable":true,"href":"https:\/\/lmprodutosnaturais.com.br\/loja\/wp-json\/wp\/v2\/media\/19842"}],"wp:attachment":[{"href":"https:\/\/lmprodutosnaturais.com.br\/loja\/wp-json\/wp\/v2\/media?parent=19830"}],"wp:term":[{"taxonomy":"product_brand","embeddable":true,"href":"https:\/\/lmprodutosnaturais.com.br\/loja\/wp-json\/wp\/v2\/product_brand?post=19830"},{"taxonomy":"product_cat","embeddable":true,"href":"https:\/\/lmprodutosnaturais.com.br\/loja\/wp-json\/wp\/v2\/product_cat?post=19830"},{"taxonomy":"product_tag","embeddable":true,"href":"https:\/\/lmprodutosnaturais.com.br\/loja\/wp-json\/wp\/v2\/product_tag?post=19830"}],"curies":[{"name":"wp","href":"https:\/\/api.w.org\/{rel}","templated":true}]}}