{"id":19831,"date":"2025-07-07T08:32:06","date_gmt":"2025-07-07T11:32:06","guid":{"rendered":"https:\/\/lmprodutosnaturais.com.br\/loja\/produto\/fnb-sports-cafeina-extended-200mg-60-caps-flora-nativa\/"},"modified":"2026-03-31T15:15:17","modified_gmt":"2026-03-31T18:15:17","slug":"fnb-sports-cafeina-extended-200mg-60-caps-flora-nativa","status":"publish","type":"product","link":"https:\/\/lmprodutosnaturais.com.br\/loja\/produto\/fnb-sports-cafeina-extended-200mg-60-caps-flora-nativa\/","title":{"rendered":"FNB SPORTS CAFE\u00cdNA EXTENDED 200MG 60 CAPS FLORA NATIVA"},"content":{"rendered":"<p>RECOMENDA\u00c7\u00c3O DE USO:<br \/>\nDISPOSI\u00c7\u00c3O PARA O SEU DIA: Ingerir 01 c\u00e1psula ao dia.<br \/>\nEXCLUSIVO PARA ATLETAS: Ingerir 02 c\u00e1psulas ao dia.<br \/>\nINFORMA\u00c7\u00c3O NUTRICIONAL:<br \/>\n1 c\u00e1psula &#8211; Cafe\u00edna 200mg.<br \/>\n2 c\u00e1psulas \u2013 Cafe\u00edna 400mg.<br \/>\nINGREDIENTES: Cafe\u00edna Microencapsulada, Antiumectantes:<br \/>\nSilicato de Magn\u00e9sio e Di\u00f3xido de Sil\u00edcio. Composi\u00e7\u00e3o da c\u00e1psula:<br \/>\nGelatina.<\/p>\n","protected":false},"excerpt":{"rendered":"<p>RECOMENDA\u00c7\u00c3O DE USO: DISPOSI\u00c7\u00c3O PARA O SEU DIA: Ingerir 01 c\u00e1psula ao dia. EXCLUSIVO PARA ATLETAS: Ingerir 02 c\u00e1psulas ao dia. INFORMA\u00c7\u00c3O NUTRICIONAL: 1 c\u00e1psula &#8211; Cafe\u00edna 200mg. 2 c\u00e1psulas \u2013 Cafe\u00edna 400mg. INGREDIENTES: Cafe\u00edna Microencapsulada, Antiumectantes: Silicato de Magn\u00e9sio &hellip; <a href=\"https:\/\/lmprodutosnaturais.com.br\/loja\/produto\/fnb-sports-cafeina-extended-200mg-60-caps-flora-nativa\/\">Readmore<\/a><\/p>\n","protected":false},"featured_media":19841,"template":"","meta":{"_bbp_topic_count":0,"_bbp_reply_count":0,"_bbp_total_topic_count":0,"_bbp_total_reply_count":0,"_bbp_voice_count":0,"_bbp_anonymous_reply_count":0,"_bbp_topic_count_hidden":0,"_bbp_reply_count_hidden":0,"_bbp_forum_subforum_count":0},"product_brand":[],"product_cat":[384,431],"product_tag":[438],"class_list":{"0":"post-19831","1":"product","2":"type-product","3":"status-publish","4":"has-post-thumbnail","6":"product_cat-capsulas-flora-nativa","7":"product_cat-lancamentos","8":"product_tag-cafeina","10":"first","11":"instock","12":"shipping-taxable","13":"purchasable","14":"product-type-simple"},"_links":{"self":[{"href":"https:\/\/lmprodutosnaturais.com.br\/loja\/wp-json\/wp\/v2\/product\/19831","targetHints":{"allow":["GET"]}}],"collection":[{"href":"https:\/\/lmprodutosnaturais.com.br\/loja\/wp-json\/wp\/v2\/product"}],"about":[{"href":"https:\/\/lmprodutosnaturais.com.br\/loja\/wp-json\/wp\/v2\/types\/product"}],"wp:featuredmedia":[{"embeddable":true,"href":"https:\/\/lmprodutosnaturais.com.br\/loja\/wp-json\/wp\/v2\/media\/19841"}],"wp:attachment":[{"href":"https:\/\/lmprodutosnaturais.com.br\/loja\/wp-json\/wp\/v2\/media?parent=19831"}],"wp:term":[{"taxonomy":"product_brand","embeddable":true,"href":"https:\/\/lmprodutosnaturais.com.br\/loja\/wp-json\/wp\/v2\/product_brand?post=19831"},{"taxonomy":"product_cat","embeddable":true,"href":"https:\/\/lmprodutosnaturais.com.br\/loja\/wp-json\/wp\/v2\/product_cat?post=19831"},{"taxonomy":"product_tag","embeddable":true,"href":"https:\/\/lmprodutosnaturais.com.br\/loja\/wp-json\/wp\/v2\/product_tag?post=19831"}],"curies":[{"name":"wp","href":"https:\/\/api.w.org\/{rel}","templated":true}]}}