{"id":19834,"date":"2025-07-07T08:32:43","date_gmt":"2025-07-07T11:32:43","guid":{"rendered":"https:\/\/lmprodutosnaturais.com.br\/loja\/produto\/fnb-sports-creatina-zero-carbo-300gr-sabor-limao-flora-nativa\/"},"modified":"2026-03-31T08:31:29","modified_gmt":"2026-03-31T11:31:29","slug":"fnb-sports-creatina-zero-carbo-300gr-sabor-limao-flora-nativa","status":"publish","type":"product","link":"https:\/\/lmprodutosnaturais.com.br\/loja\/produto\/fnb-sports-creatina-zero-carbo-300gr-sabor-limao-flora-nativa\/","title":{"rendered":"FNB SPORTS CREATINA ZERO CARBO 300GR &#8211; SABOR LIM\u00c3O FLORA NATIVA"},"content":{"rendered":"<p>CREATINA ZERO CARBO \/ 300 g \/ SABOR LIM\u00c3O*<br \/>\nRECOMENDA\u00c7\u00c3O DE USO: Sugere-se a ingest\u00e3o de 01 (um) dosador (5g), dilu\u00eddo em l\u00edquido de sua prefer\u00eancia, mexer at\u00e9<br \/>\ndissolver completamente. Beba imediatamente ap\u00f3s o preparo.<br \/>\nINFORMA\u00c7\u00c3O NUTRICIONAL: Creatina (mg) 3000mg<br \/>\nINGREDIENTES: Creatina Monohidratada, L-Glutamina, Acidulante \u00c1cido C\u00edtrico, Aroma Natural de Lim\u00e3o ou Aroma Natural de<br \/>\nJabuticaba ou Aroma Id\u00eantico ao Natural de Uva, Corante natural de Carmin ou Corante Natural Purple, Antiumectante Di\u00f3xido de<br \/>\nSil\u00edcio, Edulcorante Glicos\u00eddeos de Esteviol-Stevia. *Sabor lim\u00e3o sem corante.<\/p>\n","protected":false},"excerpt":{"rendered":"<p>CREATINA ZERO CARBO \/ 300 g \/ SABOR LIM\u00c3O* RECOMENDA\u00c7\u00c3O DE USO: Sugere-se a ingest\u00e3o de 01 (um) dosador (5g), dilu\u00eddo em l\u00edquido de sua prefer\u00eancia, mexer at\u00e9 dissolver completamente. Beba imediatamente ap\u00f3s o preparo. INFORMA\u00c7\u00c3O NUTRICIONAL: Creatina (mg) 3000mg &hellip; <a href=\"https:\/\/lmprodutosnaturais.com.br\/loja\/produto\/fnb-sports-creatina-zero-carbo-300gr-sabor-limao-flora-nativa\/\">Readmore<\/a><\/p>\n","protected":false},"featured_media":19838,"template":"","meta":{"_bbp_topic_count":0,"_bbp_reply_count":0,"_bbp_total_topic_count":0,"_bbp_total_reply_count":0,"_bbp_voice_count":0,"_bbp_anonymous_reply_count":0,"_bbp_topic_count_hidden":0,"_bbp_reply_count_hidden":0,"_bbp_forum_subforum_count":0},"product_brand":[],"product_cat":[431,384],"product_tag":[630],"class_list":{"0":"post-19834","1":"product","2":"type-product","3":"status-publish","4":"has-post-thumbnail","6":"product_cat-lancamentos","7":"product_cat-capsulas-flora-nativa","8":"product_tag-creatina","10":"first","11":"instock","12":"shipping-taxable","13":"purchasable","14":"product-type-simple"},"_links":{"self":[{"href":"https:\/\/lmprodutosnaturais.com.br\/loja\/wp-json\/wp\/v2\/product\/19834","targetHints":{"allow":["GET"]}}],"collection":[{"href":"https:\/\/lmprodutosnaturais.com.br\/loja\/wp-json\/wp\/v2\/product"}],"about":[{"href":"https:\/\/lmprodutosnaturais.com.br\/loja\/wp-json\/wp\/v2\/types\/product"}],"wp:featuredmedia":[{"embeddable":true,"href":"https:\/\/lmprodutosnaturais.com.br\/loja\/wp-json\/wp\/v2\/media\/19838"}],"wp:attachment":[{"href":"https:\/\/lmprodutosnaturais.com.br\/loja\/wp-json\/wp\/v2\/media?parent=19834"}],"wp:term":[{"taxonomy":"product_brand","embeddable":true,"href":"https:\/\/lmprodutosnaturais.com.br\/loja\/wp-json\/wp\/v2\/product_brand?post=19834"},{"taxonomy":"product_cat","embeddable":true,"href":"https:\/\/lmprodutosnaturais.com.br\/loja\/wp-json\/wp\/v2\/product_cat?post=19834"},{"taxonomy":"product_tag","embeddable":true,"href":"https:\/\/lmprodutosnaturais.com.br\/loja\/wp-json\/wp\/v2\/product_tag?post=19834"}],"curies":[{"name":"wp","href":"https:\/\/api.w.org\/{rel}","templated":true}]}}