{"id":19856,"date":"2025-07-08T10:22:10","date_gmt":"2025-07-08T13:22:10","guid":{"rendered":"https:\/\/lmprodutosnaturais.com.br\/loja\/produto\/whey-protein-gummy-60-gomas-8gr-porcao-edicao-falcao-sabor-baunilha-ekobe\/"},"modified":"2026-03-20T13:58:52","modified_gmt":"2026-03-20T16:58:52","slug":"whey-protein-gummy-60-gomas-8gr-porcao-edicao-falcao-sabor-baunilha-ekobe","status":"publish","type":"product","link":"https:\/\/lmprodutosnaturais.com.br\/loja\/produto\/whey-protein-gummy-60-gomas-8gr-porcao-edicao-falcao-sabor-baunilha-ekobe\/","title":{"rendered":"WHEY PROTEIN GUMMY 60 GOMAS (8GR POR\u00c7\u00c3O) (EDI\u00c7\u00c3O FALC\u00c3O) &#8211; SABOR BAUNILHA EKOB\u00c9"},"content":{"rendered":"","protected":false},"excerpt":{"rendered":"","protected":false},"featured_media":19859,"template":"","meta":{"_bbp_topic_count":0,"_bbp_reply_count":0,"_bbp_total_topic_count":0,"_bbp_total_reply_count":0,"_bbp_voice_count":0,"_bbp_anonymous_reply_count":0,"_bbp_topic_count_hidden":0,"_bbp_reply_count_hidden":0,"_bbp_forum_subforum_count":0},"product_brand":[],"product_cat":[883,431,429],"product_tag":[],"class_list":{"0":"post-19856","1":"product","2":"type-product","3":"status-publish","4":"has-post-thumbnail","6":"product_cat-ekobe","7":"product_cat-lancamentos","8":"product_cat-promocoes","10":"first","11":"instock","12":"sale","13":"shipping-taxable","14":"purchasable","15":"product-type-simple"},"_links":{"self":[{"href":"https:\/\/lmprodutosnaturais.com.br\/loja\/wp-json\/wp\/v2\/product\/19856","targetHints":{"allow":["GET"]}}],"collection":[{"href":"https:\/\/lmprodutosnaturais.com.br\/loja\/wp-json\/wp\/v2\/product"}],"about":[{"href":"https:\/\/lmprodutosnaturais.com.br\/loja\/wp-json\/wp\/v2\/types\/product"}],"wp:featuredmedia":[{"embeddable":true,"href":"https:\/\/lmprodutosnaturais.com.br\/loja\/wp-json\/wp\/v2\/media\/19859"}],"wp:attachment":[{"href":"https:\/\/lmprodutosnaturais.com.br\/loja\/wp-json\/wp\/v2\/media?parent=19856"}],"wp:term":[{"taxonomy":"product_brand","embeddable":true,"href":"https:\/\/lmprodutosnaturais.com.br\/loja\/wp-json\/wp\/v2\/product_brand?post=19856"},{"taxonomy":"product_cat","embeddable":true,"href":"https:\/\/lmprodutosnaturais.com.br\/loja\/wp-json\/wp\/v2\/product_cat?post=19856"},{"taxonomy":"product_tag","embeddable":true,"href":"https:\/\/lmprodutosnaturais.com.br\/loja\/wp-json\/wp\/v2\/product_tag?post=19856"}],"curies":[{"name":"wp","href":"https:\/\/api.w.org\/{rel}","templated":true}]}}