{"id":19891,"date":"2025-07-11T14:22:04","date_gmt":"2025-07-11T17:22:04","guid":{"rendered":"https:\/\/lmprodutosnaturais.com.br\/loja\/produto\/neurocardi-coenzima-q10-omegas-367-e-9-500mg-60-caps-amazon-struthio\/"},"modified":"2026-03-05T10:09:11","modified_gmt":"2026-03-05T13:09:11","slug":"neurocardi-coenzima-q10-omegas-367-e-9-500mg-60-caps-amazon-struthio","status":"publish","type":"product","link":"https:\/\/lmprodutosnaturais.com.br\/loja\/produto\/neurocardi-coenzima-q10-omegas-367-e-9-500mg-60-caps-amazon-struthio\/","title":{"rendered":"NEUROCARDI (COENZIMA Q10 + \u00d4MEGAS 3,6,7 E 9) 500MG 60 CAPS AMAZON STRUTHIO"},"content":{"rendered":"<h2 class=\"ui-pdp-description__title\" data-testid=\"title\">Descri\u00e7\u00e3o<\/h2>\n<p class=\"ui-pdp-description__content\" data-testid=\"content\">Coenzima Q10 da Amazon Struthio: Energia, Sa\u00fade e Bem-estar<\/p>\n<p>Voc\u00ea se sente cansado e sem energia? Acorda exausto, mesmo ap\u00f3s uma noite de sono, e sente que sua mente est\u00e1 lenta e desmotivada? O desgaste f\u00edsico e mental pode afetar gravemente sua qualidade de vida, produtividade e bem-estar geral.<\/p>\n<p>A maior necessidade dos nossos clientes \u00e9 recuperar a energia e a vitalidade perdidas.<\/p>\n<p>Seja voc\u00ea um atleta, um profissional ou algu\u00e9m que quer aproveitar mais a vida, a falta de energia \u00e9 um problema s\u00e9rio e debilitante. Suplementos caros e dietas complicadas nem sempre trazem resultados a longo prazo.<\/p>\n<p>Imagine passar mais um dia lutando contra a fadiga. O rel\u00f3gio marca 3 da tarde e voc\u00ea mal consegue manter os olhos abertos. Esse ciclo de cansa\u00e7o impacta negativamente sua sa\u00fade, aumentando o estresse e problemas de sono.<\/p>\n<p>Chegou a hora de mudar essa realidade, a Coenzima Q10 da Amazon Struthio, um suplemento premium que ir\u00e1 transformar sua vida.<\/p>\n<p>Nossa f\u00f3rmula exclusiva combina Coenzima Q10, magn\u00e9sio, vitaminas do complexo B, \u00f4mega 3, zinco e outros nutrientes essenciais para oferecer uma solu\u00e7\u00e3o completa para suas necessidades energ\u00e9ticas e de sa\u00fade.<\/p>\n<p>Benef\u00edcios Principais:<\/p>\n<p>Produ\u00e7\u00e3o de ATP: Mais energia para seu cora\u00e7\u00e3o e c\u00e9rebro.<br \/>\nFun\u00e7\u00e3o Neuronal: Melhora a fun\u00e7\u00e3o cerebral e reduz sintomas de ansiedade.<br \/>\nA\u00e7\u00e3o Antioxidante: Protege suas c\u00e9lulas contra o dano oxidativo.<br \/>\nDesempenho Esportivo: Ajuda na regenera\u00e7\u00e3o muscular e redu\u00e7\u00e3o da fadiga.<br \/>\nSistema Imunol\u00f3gico: Fortalece seu sistema imunol\u00f3gico.<br \/>\nMetaboliza\u00e7\u00e3o de Gorduras: Crucial para a sa\u00fade cardiovascular.<br \/>\nRelaxamento Muscular: Promove o relaxamento muscular e melhora o sono.<br \/>\nAporte Cerebral: Aprimora o funcionamento neuromuscular e cognitivo.<\/p>\n<p>Oque vem no pacote:<\/p>\n<p>1x Pote com 60 capsulas de Neurocardi.<\/p>\n<p>A Coenzima Q10 da Amazon Struthio \u00e9 a solu\u00e7\u00e3o definitiva para quem busca energia, sa\u00fade e bem-estar.<\/p>\n<p>Aviso legal<br \/>\n\u2022 Idade m\u00ednima recomendada: 18 anos.<br \/>\n\u2022 Consumir junto com alimentos para facilitar sua assimila\u00e7\u00e3o.<\/p>\n","protected":false},"excerpt":{"rendered":"<p>Descri\u00e7\u00e3o Coenzima Q10 da Amazon Struthio: Energia, Sa\u00fade e Bem-estar Voc\u00ea se sente cansado e sem energia? Acorda exausto, mesmo ap\u00f3s uma noite de sono, e sente que sua mente est\u00e1 lenta e desmotivada? O desgaste f\u00edsico e mental pode &hellip; <a href=\"https:\/\/lmprodutosnaturais.com.br\/loja\/produto\/neurocardi-coenzima-q10-omegas-367-e-9-500mg-60-caps-amazon-struthio\/\">Readmore<\/a><\/p>\n","protected":false},"featured_media":19892,"template":"","meta":{"_bbp_topic_count":0,"_bbp_reply_count":0,"_bbp_total_topic_count":0,"_bbp_total_reply_count":0,"_bbp_voice_count":0,"_bbp_anonymous_reply_count":0,"_bbp_topic_count_hidden":0,"_bbp_reply_count_hidden":0,"_bbp_forum_subforum_count":0},"product_brand":[],"product_cat":[884,431],"product_tag":[442,472],"class_list":{"0":"post-19891","1":"product","2":"type-product","3":"status-publish","4":"has-post-thumbnail","6":"product_cat-amazon-struthio","7":"product_cat-lancamentos","8":"product_tag-coenzima-q10","9":"product_tag-omega-3","11":"first","12":"instock","13":"shipping-taxable","14":"purchasable","15":"product-type-simple"},"_links":{"self":[{"href":"https:\/\/lmprodutosnaturais.com.br\/loja\/wp-json\/wp\/v2\/product\/19891","targetHints":{"allow":["GET"]}}],"collection":[{"href":"https:\/\/lmprodutosnaturais.com.br\/loja\/wp-json\/wp\/v2\/product"}],"about":[{"href":"https:\/\/lmprodutosnaturais.com.br\/loja\/wp-json\/wp\/v2\/types\/product"}],"wp:featuredmedia":[{"embeddable":true,"href":"https:\/\/lmprodutosnaturais.com.br\/loja\/wp-json\/wp\/v2\/media\/19892"}],"wp:attachment":[{"href":"https:\/\/lmprodutosnaturais.com.br\/loja\/wp-json\/wp\/v2\/media?parent=19891"}],"wp:term":[{"taxonomy":"product_brand","embeddable":true,"href":"https:\/\/lmprodutosnaturais.com.br\/loja\/wp-json\/wp\/v2\/product_brand?post=19891"},{"taxonomy":"product_cat","embeddable":true,"href":"https:\/\/lmprodutosnaturais.com.br\/loja\/wp-json\/wp\/v2\/product_cat?post=19891"},{"taxonomy":"product_tag","embeddable":true,"href":"https:\/\/lmprodutosnaturais.com.br\/loja\/wp-json\/wp\/v2\/product_tag?post=19891"}],"curies":[{"name":"wp","href":"https:\/\/api.w.org\/{rel}","templated":true}]}}